{"id":3,"date":"2025-10-04T01:42:10","date_gmt":"2025-10-04T01:42:10","guid":{"rendered":"https:\/\/capcham.ch\/?page_id=3"},"modified":"2026-02-11T06:09:45","modified_gmt":"2026-02-11T06:09:45","slug":"privacy-policy","status":"publish","type":"page","link":"https:\/\/capcham.ch\/en\/privacy-policy\/","title":{"rendered":"Politique de Confidentialit\u00e9 &#8211; Capcham"},"content":{"rendered":"<h3 class=\"wp-block-heading\">Qui sommes-nous ?<\/h3>\n\n\n\n<p>L\u2019adresse de notre site Web est : <strong>https:\/\/capcham.ch<\/strong>. Pour toute question, vous pouvez nous contacter \u00e0 <strong>info@capcham.ch<\/strong>.<\/p>\n\n\n\n<h3 class=\"wp-block-heading\">Commentaires<\/h3>\n\n\n\n<p>Quand vous laissez un commentaire sur notre site, nous collectons les donn\u00e9es affich\u00e9es dans le formulaire, ainsi que votre adresse IP et l&rsquo;agent utilisateur de votre navigateur pour nous aider \u00e0 d\u00e9tecter les spams.<\/p>\n\n\n\n<p>Une cha\u00eene anonymis\u00e9e cr\u00e9\u00e9e \u00e0 partir de votre adresse e-mail (\u00e9galement appel\u00e9e \u00ab\u00a0hash\u00a0\u00bb) peut \u00eatre envoy\u00e9e au service Gravatar pour v\u00e9rifier si vous l&rsquo;utilisez. La politique de confidentialit\u00e9 de Gravatar est disponible ici : https:\/\/automattic.com\/privacy\/. Apr\u00e8s approbation de votre commentaire, votre photo de profil est visible publiquement \u00e0 c\u00f4t\u00e9 de votre message.<\/p>\n\n\n\n<h3 class=\"wp-block-heading\">M\u00e9dias<\/h3>\n\n\n\n<p>Si vous t\u00e9l\u00e9versez des images sur le site, \u00e9vitez d&rsquo;inclure des donn\u00e9es de localisation (EXIF GPS). Les visiteurs du site peuvent t\u00e9l\u00e9charger ces images et en extraire les donn\u00e9es de localisation.<\/p>\n\n\n\n<h3 class=\"wp-block-heading\">Cookies<\/h3>\n\n\n\n<ul class=\"wp-block-list\">\n<li><strong>Commentaires :<\/strong> Si vous laissez un commentaire, vous pouvez choisir d&rsquo;enregistrer votre nom, adresse e-mail et site web dans des cookies pour votre confort. Ces cookies durent un an.<\/li>\n\n\n\n<li><strong>Connexion :<\/strong> Si vous visitez notre page de connexion, un cookie temporaire sera cr\u00e9\u00e9 pour v\u00e9rifier si votre navigateur accepte les cookies. Il ne contient pas de donn\u00e9es personnelles et est supprim\u00e9 \u00e0 la fermeture du navigateur.<\/li>\n\n\n\n<li><strong>Sessions :<\/strong> Lors de la connexion, nous installons plusieurs cookies pour enregistrer vos informations de connexion et vos pr\u00e9f\u00e9rences d&rsquo;affichage. Les cookies de connexion durent deux jours, et ceux de pr\u00e9f\u00e9rences durent un an. Si vous cochez \u00ab\u00a0Se souvenir de moi\u00a0\u00bb, votre connexion sera conserv\u00e9e pendant deux semaines.<\/li>\n\n\n\n<li><strong>\u00c9dition :<\/strong> Si vous modifiez ou publiez un article, un cookie suppl\u00e9mentaire (sans donn\u00e9es personnelles) indiquant l&rsquo;identifiant de l&rsquo;article sera enregistr\u00e9. Il expire apr\u00e8s 24 heures.<\/li>\n<\/ul>\n\n\n\n<h3 class=\"wp-block-heading\">Contenu embarqu\u00e9 depuis d&rsquo;autres sites<\/h3>\n\n\n\n<p>Les articles de ce site peuvent inclure des contenus int\u00e9gr\u00e9s (vid\u00e9os, images, articles, etc.). Ces contenus se comportent de la m\u00eame mani\u00e8re que si vous visitiez directement l&rsquo;autre site. Ces sites web tiers peuvent collecter des donn\u00e9es sur vous, utiliser des cookies et suivre vos interactions, surtout si vous poss\u00e9dez un compte connect\u00e9 sur leur plateforme.<\/p>\n\n\n\n<h3 class=\"wp-block-heading\">Partage de vos donn\u00e9es<\/h3>\n\n\n\n<p>Si vous demandez une r\u00e9initialisation de votre mot de passe, votre adresse IP sera incluse dans l&rsquo;e-mail de r\u00e9initialisation.<\/p>\n\n\n\n<h3 class=\"wp-block-heading\">Dur\u00e9e de conservation de vos donn\u00e9es<\/h3>\n\n\n\n<ul class=\"wp-block-list\">\n<li><strong>Commentaires :<\/strong> Les commentaires et leurs m\u00e9tadonn\u00e9es sont conserv\u00e9s ind\u00e9finiment afin de reconna\u00eetre et approuver automatiquement vos messages suivants.<\/li>\n\n\n\n<li><strong>Comptes utilisateurs :<\/strong> Pour les utilisateurs inscrits sur notre site, nous stockons les donn\u00e9es personnelles indiqu\u00e9es dans leur profil. Tous les utilisateurs peuvent voir, modifier ou supprimer leurs informations personnelles \u00e0 tout moment (sauf leur nom d&rsquo;utilisateur). Les administrateurs du site peuvent aussi voir et modifier ces informations.<\/li>\n<\/ul>\n\n\n\n<h3 class=\"wp-block-heading\">Vos droits sur vos donn\u00e9es<\/h3>\n\n\n\n<p>Si vous avez un compte ou si vous avez laiss\u00e9 des commentaires, vous pouvez demander \u00e0 recevoir un fichier contenant toutes les donn\u00e9es personnelles que nous poss\u00e9dons \u00e0 votre sujet. Vous pouvez \u00e9galement demander la suppression de ces donn\u00e9es. Cela ne prend pas en compte les donn\u00e9es conserv\u00e9es \u00e0 des fins administratives, l\u00e9gales ou de s\u00e9curit\u00e9.<\/p>\n\n\n\n<h3 class=\"wp-block-heading\">O\u00f9 vos donn\u00e9es sont envoy\u00e9es<\/h3>\n\n\n\n<p>Les commentaires des visiteurs peuvent \u00eatre v\u00e9rifi\u00e9s \u00e0 l&rsquo;aide d&rsquo;un service automatis\u00e9 de d\u00e9tection du spam.<\/p>","protected":false},"excerpt":{"rendered":"<p>Qui sommes-nous ? L\u2019adresse de notre site Web est : https:\/\/capcham.ch. Pour toute question, vous pouvez nous contacter \u00e0 info@capcham.ch. Commentaires Quand vous laissez un commentaire sur notre site, nous collectons les donn\u00e9es affich\u00e9es dans le formulaire, ainsi que votre adresse IP et l&rsquo;agent utilisateur de votre navigateur pour nous aider \u00e0 d\u00e9tecter les spams. [&hellip;]<\/p>\n","protected":false},"author":1,"featured_media":0,"parent":0,"menu_order":0,"comment_status":"closed","ping_status":"open","template":"","meta":{"_acf_changed":false,"slim_seo":{"title":"Politique de Confidentialit\u00e9 - Capcham - Capcham","description":"Qui sommes-nous ? L\u2019adresse de notre site Web est : https:\/\/capcham.ch . Pour toute question, vous pouvez nous contacter \u00e0 info@capcham.ch . Commentaires Quand"},"footnotes":""},"class_list":["post-3","page","type-page","status-publish","hentry"],"acf":[],"_links":{"self":[{"href":"https:\/\/capcham.ch\/en\/wp-json\/wp\/v2\/pages\/3","targetHints":{"allow":["GET"]}}],"collection":[{"href":"https:\/\/capcham.ch\/en\/wp-json\/wp\/v2\/pages"}],"about":[{"href":"https:\/\/capcham.ch\/en\/wp-json\/wp\/v2\/types\/page"}],"author":[{"embeddable":true,"href":"https:\/\/capcham.ch\/en\/wp-json\/wp\/v2\/users\/1"}],"replies":[{"embeddable":true,"href":"https:\/\/capcham.ch\/en\/wp-json\/wp\/v2\/comments?post=3"}],"version-history":[{"count":0,"href":"https:\/\/capcham.ch\/en\/wp-json\/wp\/v2\/pages\/3\/revisions"}],"wp:attachment":[{"href":"https:\/\/capcham.ch\/en\/wp-json\/wp\/v2\/media?parent=3"}],"curies":[{"name":"wp","href":"https:\/\/api.w.org\/{rel}","templated":true}]}}