{"id":20,"date":"2025-10-04T03:11:31","date_gmt":"2025-10-04T03:11:31","guid":{"rendered":"https:\/\/capcham.ch\/?page_id=20"},"modified":"2026-03-01T05:05:37","modified_gmt":"2026-03-01T05:05:37","slug":"home","status":"publish","type":"page","link":"https:\/\/capcham.ch\/en\/","title":{"rendered":"Home"},"content":{"rendered":"","protected":false},"excerpt":{"rendered":"","protected":false},"author":1,"featured_media":0,"parent":0,"menu_order":0,"comment_status":"closed","ping_status":"closed","template":"","meta":{"_acf_changed":false,"slim_seo":{"title":"Capcham Villars-sur-Ollon - Psychologie, Psychoth\u00e9rapie, P\u00e9dopsychiatrie, Ergoth\u00e9rapie","description":"Cabinet pluridisciplinaire \u00e0 Villars-sur-Ollon: p\u00e9dopsychiatrie, bilans psychologiques, psychoth\u00e9rapie et ergoth\u00e9rapie. Accompagnement enfants, ados, adultes et familles depuis 2005."},"footnotes":""},"class_list":["post-20","page","type-page","status-publish","hentry"],"acf":[],"_links":{"self":[{"href":"https:\/\/capcham.ch\/en\/wp-json\/wp\/v2\/pages\/20","targetHints":{"allow":["GET"]}}],"collection":[{"href":"https:\/\/capcham.ch\/en\/wp-json\/wp\/v2\/pages"}],"about":[{"href":"https:\/\/capcham.ch\/en\/wp-json\/wp\/v2\/types\/page"}],"author":[{"embeddable":true,"href":"https:\/\/capcham.ch\/en\/wp-json\/wp\/v2\/users\/1"}],"replies":[{"embeddable":true,"href":"https:\/\/capcham.ch\/en\/wp-json\/wp\/v2\/comments?post=20"}],"version-history":[{"count":95,"href":"https:\/\/capcham.ch\/en\/wp-json\/wp\/v2\/pages\/20\/revisions"}],"predecessor-version":[{"id":1062,"href":"https:\/\/capcham.ch\/en\/wp-json\/wp\/v2\/pages\/20\/revisions\/1062"}],"wp:attachment":[{"href":"https:\/\/capcham.ch\/en\/wp-json\/wp\/v2\/media?parent=20"}],"curies":[{"name":"wp","href":"https:\/\/api.w.org\/{rel}","templated":true}]}}